{"id":3226,"date":"2022-07-18T13:15:19","date_gmt":"2022-07-18T13:15:19","guid":{"rendered":"https:\/\/hlrnet.net\/sites\/actu-ec\/?page_id=3226"},"modified":"2024-12-21T11:48:30","modified_gmt":"2024-12-21T11:48:30","slug":"demarrer","status":"publish","type":"page","link":"https:\/\/hlrnet.net\/sites\/actu-ec\/","title":{"rendered":"D\u00e9marrer"},"content":{"rendered":"<div class=\"menu-en-temps-reel-container\">\n<ul id=\"menu-en-temps-reel\" class=\"menu\">\n<li id=\"menu-item-2201\" class=\"menu-item menu-item-type-post_type menu-item-object-page menu-item-2201\"><a href=\"https:\/\/hlrnet.net\/sites\/actu-ec\/actualites-depuis-la-belgique\/\">Actualit\u00e9s depuis la Belgique<\/a><\/li>\n<li id=\"menu-item-2200\" class=\"menu-item menu-item-type-post_type menu-item-object-page menu-item-2200\"><a href=\"https:\/\/hlrnet.net\/sites\/actu-ec\/actualites-depuis-la-france\/\">Actualit\u00e9s depuis la France<\/a><\/li>\n<li id=\"menu-item-2199\" class=\"menu-item menu-item-type-post_type menu-item-object-page menu-item-2199\"><a href=\"https:\/\/hlrnet.net\/sites\/actu-ec\/publications\/\">Publications<\/a><\/li>\n<li><a href=\"https:\/\/hlrnet.net\/sites\/actu-ec\/le-francais-juridique\/\">Le fran\u00e7ais juridique: le droit et la criminologie<\/a><\/li>\n<\/ul>\n<\/div>\n<div id=\"simple-translate\" class=\"simple-translate-system-theme\">\n<div>\n<div class=\"simple-translate-button isShow\" style=\"background-image: url('moz-extension:\/\/bb6e946f-335c-4d61-b033-c0e4e42322f9\/icons\/512.png'); height: 22px; width: 22px; top: 97px; left: 49px;\"><\/div>\n<div class=\"simple-translate-panel \" style=\"width: 300px; height: 200px; top: 0px; left: 0px; font-size: 13px;\">\n<div class=\"simple-translate-result-wrapper\" style=\"overflow: hidden;\">\n<div class=\"simple-translate-move\" draggable=\"true\"><\/div>\n<div class=\"simple-translate-result-contents\">\n<p class=\"simple-translate-result\" dir=\"auto\">\n<p class=\"simple-translate-candidate\" dir=\"auto\">\n<\/div>\n<\/div>\n<\/div>\n<\/div>\n<\/div>\n","protected":false},"excerpt":{"rendered":"<p>Actualit\u00e9s depuis la Belgique Actualit\u00e9s depuis la France Publications Le fran\u00e7ais juridique: le droit et la criminologie<\/p>\n","protected":false},"author":1,"featured_media":0,"parent":0,"menu_order":0,"comment_status":"closed","ping_status":"closed","template":"","meta":{"footnotes":""},"class_list":["post-3226","page","type-page","status-publish","hentry"],"publishpress_future_action":{"enabled":false,"date":"2026-04-30 16:01:55","action":"change-status","newStatus":"draft","terms":[],"taxonomy":"","extraData":[]},"publishpress_future_workflow_manual_trigger":{"enabledWorkflows":[]},"_links":{"self":[{"href":"https:\/\/hlrnet.net\/sites\/actu-ec\/wp-json\/wp\/v2\/pages\/3226","targetHints":{"allow":["GET"]}}],"collection":[{"href":"https:\/\/hlrnet.net\/sites\/actu-ec\/wp-json\/wp\/v2\/pages"}],"about":[{"href":"https:\/\/hlrnet.net\/sites\/actu-ec\/wp-json\/wp\/v2\/types\/page"}],"author":[{"embeddable":true,"href":"https:\/\/hlrnet.net\/sites\/actu-ec\/wp-json\/wp\/v2\/users\/1"}],"replies":[{"embeddable":true,"href":"https:\/\/hlrnet.net\/sites\/actu-ec\/wp-json\/wp\/v2\/comments?post=3226"}],"version-history":[{"count":3,"href":"https:\/\/hlrnet.net\/sites\/actu-ec\/wp-json\/wp\/v2\/pages\/3226\/revisions"}],"predecessor-version":[{"id":7710,"href":"https:\/\/hlrnet.net\/sites\/actu-ec\/wp-json\/wp\/v2\/pages\/3226\/revisions\/7710"}],"wp:attachment":[{"href":"https:\/\/hlrnet.net\/sites\/actu-ec\/wp-json\/wp\/v2\/media?parent=3226"}],"curies":[{"name":"wp","href":"https:\/\/api.w.org\/{rel}","templated":true}]}}