{"id":3737,"date":"2025-07-15T08:47:09","date_gmt":"2025-07-15T08:47:09","guid":{"rendered":"https:\/\/hlrnet.net\/sites\/actu-es\/?page_id=3737"},"modified":"2025-07-15T10:21:03","modified_gmt":"2025-07-15T10:21:03","slug":"apoyo-al-aprendizaje-del-espanol-medico","status":"publish","type":"page","link":"https:\/\/hlrnet.net\/sites\/actu-es\/apoyo-al-aprendizaje-del-espanol-medico\/","title":{"rendered":"Apoyo al aprendizaje del espa\u00f1ol m\u00e9dico"},"content":{"rendered":"<ul>\n<li><a href=\"https:\/\/hlrnet.com\/sites\/alt164\/la-salud\/\">El espa\u00f1ol de la salud: enlaces<\/a><\/li>\n<li><a href=\"https:\/\/tinyurl.com\/sin-manual\">Nivel b\u00e1sico: empezando con el espa\u00f1ol<\/a><\/li>\n<li><a href=\"https:\/\/hlrnet.com\/sites\/sp\/\">El espa\u00f1ol para pr\u00e1cticas<\/a><\/li>\n<li><a href=\"https:\/\/hlrnet.com\/sites\/taller\/\">Taller de autonom\u00eda<\/a>\n<ul>\n<li class=\"cat-item cat-item-56\">3 negocios<\/li>\n<li class=\"cat-item cat-item-78\">4 salud<\/li>\n<\/ul>\n<\/li>\n<li>Quizlets sobre la medicina<\/li>\n<\/ul>\n<p>Inteligencia artificial<\/p>\n<ul>\n<li><a href=\"https:\/\/hlrnet.com\/sites\/ai\/?p=6720\">Tutores de lengua<\/a><\/li>\n<li><a href=\"https:\/\/hlrnet.com\/sites\/ai\/?tag=language-learning\">Aprender lenguas con IA<\/a><\/li>\n<li><a href=\"https:\/\/hlrnet.com\/sites\/ai\/?tag=ELE\">Aprender el espa\u00f1ol con IA<\/a><\/li>\n<\/ul>\n<p>&nbsp;<\/p>\n<ul>\n<li>Referencias sobre el espa\u00f1ol de la salud<\/li>\n<li>L\u00e9xico<\/li>\n<li>Actividades de autoaprendizaje<\/li>\n<li>Quizlets<\/li>\n<\/ul>\n<div id=\"simple-translate\" class=\"simple-translate-system-theme\">\n<div>\n<div class=\"simple-translate-button isShow\" style=\"background-image: url('moz-extension:\/\/37e44441-594c-4b50-b456-e2df16779982\/icons\/512.png'); height: 22px; width: 22px; top: 219px; left: 52px;\"><\/div>\n<div class=\"simple-translate-panel \" style=\"width: 300px; height: 200px; top: 0px; left: 0px; font-size: 13px;\">\n<div class=\"simple-translate-result-wrapper\" style=\"overflow: hidden;\">\n<div class=\"simple-translate-move\" draggable=\"true\"><\/div>\n<div class=\"simple-translate-result-contents\">\n<p class=\"simple-translate-result\" dir=\"auto\">\n<p class=\"simple-translate-candidate\" dir=\"auto\">\n<\/div>\n<\/div>\n<\/div>\n<\/div>\n<\/div>\n","protected":false},"excerpt":{"rendered":"<p>El espa\u00f1ol de la salud: enlaces Nivel b\u00e1sico: empezando con el espa\u00f1ol El espa\u00f1ol para pr\u00e1cticas Taller de autonom\u00eda 3 negocios 4 salud Quizlets sobre la medicina Inteligencia artificial Tutores de lengua Aprender lenguas con IA Aprender el espa\u00f1ol con IA &nbsp; Referencias sobre el espa\u00f1ol de la salud L\u00e9xico<\/p>\n","protected":false},"author":1,"featured_media":0,"parent":0,"menu_order":0,"comment_status":"closed","ping_status":"closed","template":"","meta":{"footnotes":""},"class_list":["post-3737","page","type-page","status-publish","hentry"],"publishpress_future_action":{"enabled":false,"date":"2026-04-30 17:48:49","action":"change-status","newStatus":"draft","terms":[],"taxonomy":"","extraData":[]},"publishpress_future_workflow_manual_trigger":{"enabledWorkflows":[]},"_links":{"self":[{"href":"https:\/\/hlrnet.net\/sites\/actu-es\/wp-json\/wp\/v2\/pages\/3737","targetHints":{"allow":["GET"]}}],"collection":[{"href":"https:\/\/hlrnet.net\/sites\/actu-es\/wp-json\/wp\/v2\/pages"}],"about":[{"href":"https:\/\/hlrnet.net\/sites\/actu-es\/wp-json\/wp\/v2\/types\/page"}],"author":[{"embeddable":true,"href":"https:\/\/hlrnet.net\/sites\/actu-es\/wp-json\/wp\/v2\/users\/1"}],"replies":[{"embeddable":true,"href":"https:\/\/hlrnet.net\/sites\/actu-es\/wp-json\/wp\/v2\/comments?post=3737"}],"version-history":[{"count":3,"href":"https:\/\/hlrnet.net\/sites\/actu-es\/wp-json\/wp\/v2\/pages\/3737\/revisions"}],"predecessor-version":[{"id":3761,"href":"https:\/\/hlrnet.net\/sites\/actu-es\/wp-json\/wp\/v2\/pages\/3737\/revisions\/3761"}],"wp:attachment":[{"href":"https:\/\/hlrnet.net\/sites\/actu-es\/wp-json\/wp\/v2\/media?parent=3737"}],"curies":[{"name":"wp","href":"https:\/\/api.w.org\/{rel}","templated":true}]}}