{"id":3852,"date":"2025-10-15T14:59:54","date_gmt":"2025-10-15T14:59:54","guid":{"rendered":"https:\/\/hlrnet.net\/sites\/actu-es\/?page_id=3852"},"modified":"2025-10-15T14:59:54","modified_gmt":"2025-10-15T14:59:54","slug":"la-biologia","status":"publish","type":"page","link":"https:\/\/hlrnet.net\/sites\/actu-es\/la-biologia\/","title":{"rendered":"La biolog\u00eda"},"content":{"rendered":"<p><strong>ABC: la ciencia<\/strong><\/p>\n<div class=\"wprss_ajax\" data-id=\"rss259f4089c6\"><img loading=\"lazy\" decoding=\"async\" src=\"https:\/\/hlrnet.net\/sites\/actu-es\/wp-content\/plugins\/wp-rss-retriever\/inc\/imgs\/ajax-loader.gif\" alt=\"Loading RSS Feed\" width=\"16\" height=\"16\"><\/div>\n<p><strong>Wired: ciencia<\/strong><\/p>\n<div class=\"wprss_ajax\" data-id=\"rss4d747f10ed\"><img loading=\"lazy\" decoding=\"async\" src=\"https:\/\/hlrnet.net\/sites\/actu-es\/wp-content\/plugins\/wp-rss-retriever\/inc\/imgs\/ajax-loader.gif\" alt=\"Loading RSS Feed\" width=\"16\" height=\"16\"><\/div>\n<p><strong>El Pa\u00eds: ciencia \/ materia<\/strong><\/p>\n<div class=\"wprss_ajax\" data-id=\"rssd4a288e37e\"><img loading=\"lazy\" decoding=\"async\" src=\"https:\/\/hlrnet.net\/sites\/actu-es\/wp-content\/plugins\/wp-rss-retriever\/inc\/imgs\/ajax-loader.gif\" alt=\"Loading RSS Feed\" width=\"16\" height=\"16\"><\/div>\n<p><strong>Noticias de la ciencia<\/strong><\/p>\n<div class=\"wprss_ajax\" data-id=\"rss549b394bfd\"><img loading=\"lazy\" decoding=\"async\" src=\"https:\/\/hlrnet.net\/sites\/actu-es\/wp-content\/plugins\/wp-rss-retriever\/inc\/imgs\/ajax-loader.gif\" alt=\"Loading RSS Feed\" width=\"16\" height=\"16\"><\/div>\n<p>TERMINOLOGIA<\/p>\n<ul>\n<li><a href=\"http:\/\/www.curtisbiologia.com\/glossary\">Curtisbiolog\u00eda<\/a><\/li>\n<li><a href=\"https:\/\/bilingualcarloscano.wordpress.com\/wp-content\/uploads\/2012\/10\/etimologc3adas-de-biologc3ada.pdf\">Etimolog\u00edas<\/a><\/li>\n<li><a href=\"https:\/\/www.biologia.edu.ar\/glosario\/glosa.htm\">Glosario general<\/a><\/li>\n<li><a href=\"https:\/\/portalacademico.cch.unam.mx\/glosario\/biologia\">Pacch<\/a><\/li>\n<li><a href=\"https:\/\/coggle.it\/diagram\/YVU_-wDOVQV1LlJ5\/t\/terminolog%C3%ADa-b%C3%A1sica-entre-los-tejidos-del-cuerpo-humano\">Terminolog\u00eda b\u00e1sica de biomec\u00e1nica<\/a><\/li>\n<li><a href=\"https:\/\/www.wikibiologia.net\/glosario-de-terminos-esenciales-en-biologia\">Wikiapuntes<\/a><\/li>\n<li><a href=\"https:\/\/www.wikibiologia.net\/glosario-de-terminos-biologicos-esenciales\/\">Wikibiologia<\/a><\/li>\n<li><a href=\"https:\/\/es.wikipedia.org\/wiki\/Categor%C3%ADa:T%C3%A9rminos_de_biolog%C3%ADa\">Wikipedia<\/a><\/li>\n<\/ul>\n","protected":false},"excerpt":{"rendered":"<p>ABC: la ciencia Wired: ciencia El Pa\u00eds: ciencia \/ materia Noticias de la ciencia TERMINOLOGIA Curtisbiolog\u00eda Etimolog\u00edas Glosario general Pacch Terminolog\u00eda b\u00e1sica de biomec\u00e1nica Wikiapuntes Wikibiologia Wikipedia<\/p>\n","protected":false},"author":1,"featured_media":0,"parent":0,"menu_order":0,"comment_status":"closed","ping_status":"closed","template":"","meta":{"footnotes":""},"class_list":["post-3852","page","type-page","status-publish","hentry"],"publishpress_future_action":{"enabled":false,"date":"2026-04-30 17:48:49","action":"change-status","newStatus":"draft","terms":[],"taxonomy":"","extraData":[]},"publishpress_future_workflow_manual_trigger":{"enabledWorkflows":[]},"_links":{"self":[{"href":"https:\/\/hlrnet.net\/sites\/actu-es\/wp-json\/wp\/v2\/pages\/3852","targetHints":{"allow":["GET"]}}],"collection":[{"href":"https:\/\/hlrnet.net\/sites\/actu-es\/wp-json\/wp\/v2\/pages"}],"about":[{"href":"https:\/\/hlrnet.net\/sites\/actu-es\/wp-json\/wp\/v2\/types\/page"}],"author":[{"embeddable":true,"href":"https:\/\/hlrnet.net\/sites\/actu-es\/wp-json\/wp\/v2\/users\/1"}],"replies":[{"embeddable":true,"href":"https:\/\/hlrnet.net\/sites\/actu-es\/wp-json\/wp\/v2\/comments?post=3852"}],"version-history":[{"count":1,"href":"https:\/\/hlrnet.net\/sites\/actu-es\/wp-json\/wp\/v2\/pages\/3852\/revisions"}],"predecessor-version":[{"id":3854,"href":"https:\/\/hlrnet.net\/sites\/actu-es\/wp-json\/wp\/v2\/pages\/3852\/revisions\/3854"}],"wp:attachment":[{"href":"https:\/\/hlrnet.net\/sites\/actu-es\/wp-json\/wp\/v2\/media?parent=3852"}],"curies":[{"name":"wp","href":"https:\/\/api.w.org\/{rel}","templated":true}]}}