{"id":539,"date":"2021-06-12T11:04:00","date_gmt":"2021-06-12T11:04:00","guid":{"rendered":"https:\/\/hlrnet.net\/sites\/actu-es\/?page_id=539"},"modified":"2021-06-12T11:57:19","modified_gmt":"2021-06-12T11:57:19","slug":"la-enfermeria-en-videos","status":"publish","type":"page","link":"https:\/\/hlrnet.net\/sites\/actu-es\/la-enfermeria-en-videos\/","title":{"rendered":"La enfermer\u00eda en v\u00eddeos"},"content":{"rendered":"<p>ENFERMER\u00cdA<\/p>\n<ul>\n<li><a href=\"https:\/\/www.youtube.com\/channel\/UC4UrS_izOjbBhyhCc6vdlZg\">Curso b\u00e1sico de enfermer\u00eda<\/a><br \/>\n<a href=\"https:\/\/www.youtube.com\/channel\/UC4UrS_izOjbBhyhCc6vdlZg\" class=\"autohyperlink\">www.youtube.com\/channel\/UC4UrS_izOjbBhyhCc6vdlZg<\/a><\/li>\n<li><a href=\"https:\/\/www.youtube.com\/channel\/UCYAvRxM0ShTDUxkDpDPMPQQ\">CANAL ENFERMERO &#8211; Consejo General Enfermer\u00eda<\/a><br \/>\n<a href=\"https:\/\/www.youtube.com\/channel\/UCYAvRxM0ShTDUxkDpDPMPQQ\" class=\"autohyperlink\">www.youtube.com\/channel\/UCYAvRxM0ShTDUxkDpDPMPQQ<\/a><\/li>\n<li><a href=\"https:\/\/www.youtube.com\/channel\/UCM5-Lg4LnBYIzUp9Yi7LI1Q\/videos\">Enfermer\u00eda al d\u00eda TV<\/a><br \/>\n<a href=\"https:\/\/www.youtube.com\/channel\/UCM5-Lg4LnBYIzUp9Yi7LI1Q\/videos\" class=\"autohyperlink\">www.youtube.com\/channel\/UCM5-Lg4LnBYIzUp9Yi7LI1Q\/videos<\/a><\/li>\n<li><a href=\"https:\/\/www.youtube.com\/channel\/UCOLfQ53u9LlU35_TXnsLzMA\">Enfermer\u00eda Tv<\/a><br \/>\n<a href=\"https:\/\/www.youtube.com\/channel\/UCOLfQ53u9LlU35_TXnsLzMA\" class=\"autohyperlink\">www.youtube.com\/channel\/UCOLfQ53u9LlU35_TXnsLzMA<\/a><\/li>\n<li><a href=\"https:\/\/www.youtube.com\/channel\/UChg1Wpyp1gW0i_utD65dz8g\">CANAL de ENFERMERIA Paraguay<\/a><br \/>\n<a href=\"https:\/\/www.youtube.com\/channel\/UChg1Wpyp1gW0i_utD65dz8g\" class=\"autohyperlink\">www.youtube.com\/channel\/UChg1Wpyp1gW0i_utD65dz8g<\/a><\/li>\n<li><a href=\"https:\/\/www.youtube.com\/channel\/UCfeY_8bXqqzMvDJ5pXtu_5A\">ENFERMER\u00cdA 4.0<\/a><br \/>\n<a href=\"https:\/\/www.youtube.com\/channel\/UCfeY_8bXqqzMvDJ5pXtu_5A\" class=\"autohyperlink\">www.youtube.com\/channel\/UCfeY_8bXqqzMvDJ5pXtu_5A<\/a><\/li>\n<li><a href=\"https:\/\/www.youtube.com\/channel\/UCz_892nJRwRkEuqvh4zzVeQ\">Enfermer\u00eda Creativa<\/a><br \/>\n<a href=\"https:\/\/www.youtube.com\/channel\/UCz_892nJRwRkEuqvh4zzVeQ&#038;nbsp\" class=\"autohyperlink\">www.youtube.com\/channel\/UCz_892nJRwRkEuqvh4zzVeQ&#038;nbsp<\/a>;<\/li>\n<li>SEDEN Sociedad Espa\u00f1ola de Enfermer\u00eda Nefrol\u00f3gica<br \/>\n<a href=\"https:\/\/www.youtube.com\/channel\/UCuFxdDP3gvBXIqL1XXN12Dg\">www.youtube.com\/channel\/UCuFxdDP3gvBXIqL1XXN12Dg<\/a>&nbsp;<\/li>\n<li><a href=\"https:\/\/www.youtube.com\/channel\/UCOM_WC87h-ufbFN0EdQCiMQ\">REM Red de Enfermeria Mexicana<\/a><br \/>\n<a href=\"https:\/\/www.youtube.com\/channel\/UCOM_WC87h-ufbFN0EdQCiMQ\" class=\"autohyperlink\">www.youtube.com\/channel\/UCOM_WC87h-ufbFN0EdQCiMQ<\/a><\/li>\n<\/ul>\n","protected":false},"excerpt":{"rendered":"<p>ENFERMER\u00cdA Curso b\u00e1sico de enfermer\u00eda <a href=\"http:\/\/www.youtube.com\/channel\/UC4UrS_izOjbBhyhCc6vdlZg\" class=\"autohyperlink\">www.youtube.com\/channel\/UC4UrS_izOjbBhyhCc6vdlZg<\/a> CANAL ENFERMERO &#8211; Consejo General Enfermer\u00eda <a href=\"http:\/\/www.youtube.com\/channel\/UCYAvRxM0ShTDUxkDpDPMPQQ\" class=\"autohyperlink\">www.youtube.com\/channel\/UCYAvRxM0ShTDUxkDpDPMPQQ<\/a> Enfermer\u00eda al d\u00eda TV <a href=\"http:\/\/www.youtube.com\/channel\/UCM5-Lg4LnBYIzUp9Yi7LI1Q\/videos\" class=\"autohyperlink\">www.youtube.com\/channel\/UCM5-Lg4LnBYIzUp9Yi7LI1Q\/videos<\/a> Enfermer\u00eda Tv <a href=\"http:\/\/www.youtube.com\/channel\/UCOLfQ53u9LlU35_TXnsLzMA\" class=\"autohyperlink\">www.youtube.com\/channel\/UCOLfQ53u9LlU35_TXnsLzMA<\/a> CANAL de ENFERMERIA Paraguay <a href=\"http:\/\/www.youtube.com\/channel\/UChg1Wpyp1gW0i_utD65dz8g\" class=\"autohyperlink\">www.youtube.com\/channel\/UChg1Wpyp1gW0i_utD65dz8g<\/a> ENFERMER\u00cdA 4.0 <a href=\"http:\/\/www.youtube.com\/channel\/UCfeY_8bXqqzMvDJ5pXtu_5A\" class=\"autohyperlink\">www.youtube.com\/channel\/UCfeY_8bXqqzMvDJ5pXtu_5A<\/a> Enfermer\u00eda Creativa <a href=\"http:\/\/www.youtube.com\/channel\/UCz_892nJRwRkEuqvh4zzVeQ&#038;nbsp;\" class=\"autohyperlink\">www.youtube.com\/channel\/UCz_892nJRwRkEuqvh4zzVeQ&#038;nbsp;<\/a> SEDEN Sociedad Espa\u00f1ola de Enfermer\u00eda Nefrol\u00f3gica <a href=\"http:\/\/www.youtube.com\/channel\/UCuFxdDP3gvBXIqL1XXN12Dg&nbsp;\" class=\"autohyperlink\">www.youtube.com\/channel\/UCuFxdDP3gvBXIqL1XXN12Dg&nbsp;<\/a> REM Red de Enfermeria Mexicana <a href=\"http:\/\/www.youtube.com\/channel\/UCOM_WC87h-ufbFN0EdQCiMQ\" class=\"autohyperlink\">www.youtube.com\/channel\/UCOM_WC87h-ufbFN0EdQCiMQ<\/a><\/p>\n","protected":false},"author":1,"featured_media":0,"parent":0,"menu_order":0,"comment_status":"closed","ping_status":"closed","template":"","meta":{"footnotes":""},"class_list":["post-539","page","type-page","status-publish","hentry"],"publishpress_future_action":{"enabled":false,"date":"2026-04-30 17:48:41","action":"change-status","newStatus":"draft","terms":[],"taxonomy":"","extraData":[]},"publishpress_future_workflow_manual_trigger":{"enabledWorkflows":[]},"_links":{"self":[{"href":"https:\/\/hlrnet.net\/sites\/actu-es\/wp-json\/wp\/v2\/pages\/539","targetHints":{"allow":["GET"]}}],"collection":[{"href":"https:\/\/hlrnet.net\/sites\/actu-es\/wp-json\/wp\/v2\/pages"}],"about":[{"href":"https:\/\/hlrnet.net\/sites\/actu-es\/wp-json\/wp\/v2\/types\/page"}],"author":[{"embeddable":true,"href":"https:\/\/hlrnet.net\/sites\/actu-es\/wp-json\/wp\/v2\/users\/1"}],"replies":[{"embeddable":true,"href":"https:\/\/hlrnet.net\/sites\/actu-es\/wp-json\/wp\/v2\/comments?post=539"}],"version-history":[{"count":2,"href":"https:\/\/hlrnet.net\/sites\/actu-es\/wp-json\/wp\/v2\/pages\/539\/revisions"}],"predecessor-version":[{"id":545,"href":"https:\/\/hlrnet.net\/sites\/actu-es\/wp-json\/wp\/v2\/pages\/539\/revisions\/545"}],"wp:attachment":[{"href":"https:\/\/hlrnet.net\/sites\/actu-es\/wp-json\/wp\/v2\/media?parent=539"}],"curies":[{"name":"wp","href":"https:\/\/api.w.org\/{rel}","templated":true}]}}