{"id":1834,"date":"2022-07-18T14:53:05","date_gmt":"2022-07-18T14:53:05","guid":{"rendered":"https:\/\/hlrnet.net\/sites\/ele\/?page_id=1834"},"modified":"2023-07-01T08:12:25","modified_gmt":"2023-07-01T08:12:25","slug":"recursos-en-ele","status":"publish","type":"page","link":"https:\/\/hlrnet.net\/sites\/ele\/recursos-en-ele\/","title":{"rendered":"Recursos en ELE"},"content":{"rendered":"<p><strong>CVC Cervantes<\/strong><\/p>\n<div class=\"wprss_ajax\" data-id=\"rss9283b56de6\"><img loading=\"lazy\" decoding=\"async\" src=\"https:\/\/hlrnet.net\/sites\/ele\/wp-content\/plugins\/wp-rss-retriever\/inc\/imgs\/ajax-loader.gif\" alt=\"Loading RSS Feed\" width=\"16\" height=\"16\"><\/div>\n<p><strong>Difusi\u00f3n<\/strong><\/p>\n<div class=\"wprss_ajax\" data-id=\"rssb622091cea\"><img loading=\"lazy\" decoding=\"async\" src=\"https:\/\/hlrnet.net\/sites\/ele\/wp-content\/plugins\/wp-rss-retriever\/inc\/imgs\/ajax-loader.gif\" alt=\"Loading RSS Feed\" width=\"16\" height=\"16\"><\/div>\n<p><strong>Educaci\u00f3n 3.0<\/strong><\/p>\n<div class=\"wprss_ajax\" data-id=\"rss092beb1113\"><img loading=\"lazy\" decoding=\"async\" src=\"https:\/\/hlrnet.net\/sites\/ele\/wp-content\/plugins\/wp-rss-retriever\/inc\/imgs\/ajax-loader.gif\" alt=\"Loading RSS Feed\" width=\"16\" height=\"16\"><\/div>\n<p><strong>FEDELE<\/strong><\/p>\n<div class=\"wprss_ajax\" data-id=\"rss8ee8c7377c\"><img loading=\"lazy\" decoding=\"async\" src=\"https:\/\/hlrnet.net\/sites\/ele\/wp-content\/plugins\/wp-rss-retriever\/inc\/imgs\/ajax-loader.gif\" alt=\"Loading RSS Feed\" width=\"16\" height=\"16\"><\/div>\n<p><strong>Fundeu<\/strong><\/p>\n<div class=\"wprss_ajax\" data-id=\"rss28485018a6\"><img loading=\"lazy\" decoding=\"async\" src=\"https:\/\/hlrnet.net\/sites\/ele\/wp-content\/plugins\/wp-rss-retriever\/inc\/imgs\/ajax-loader.gif\" alt=\"Loading RSS Feed\" width=\"16\" height=\"16\"><\/div>\n<p><strong>Formaci\u00f3n ELE<\/strong><\/p>\n<div class=\"wprss_ajax\" data-id=\"rssa8ff243c8f\"><img loading=\"lazy\" decoding=\"async\" src=\"https:\/\/hlrnet.net\/sites\/ele\/wp-content\/plugins\/wp-rss-retriever\/inc\/imgs\/ajax-loader.gif\" alt=\"Loading RSS Feed\" width=\"16\" height=\"16\"><\/div>\n<p><strong>Fernando Trujillo<\/strong><\/p>\n<div class=\"wprss_ajax\" data-id=\"rssbfd1738725\"><img loading=\"lazy\" decoding=\"async\" src=\"https:\/\/hlrnet.net\/sites\/ele\/wp-content\/plugins\/wp-rss-retriever\/inc\/imgs\/ajax-loader.gif\" alt=\"Loading RSS Feed\" width=\"16\" height=\"16\"><\/div>\n<p><strong>Innovaci\u00f3n educativa<\/strong><\/p>\n<div class=\"wprss_ajax\" data-id=\"rssc8fc903786\"><img loading=\"lazy\" decoding=\"async\" src=\"https:\/\/hlrnet.net\/sites\/ele\/wp-content\/plugins\/wp-rss-retriever\/inc\/imgs\/ajax-loader.gif\" alt=\"Loading RSS Feed\" width=\"16\" height=\"16\"><\/div>\n<p><strong>MarcoELE<\/strong><\/p>\n<div class=\"wprss_ajax\" data-id=\"rss036d7213f0\"><img loading=\"lazy\" decoding=\"async\" src=\"https:\/\/hlrnet.net\/sites\/ele\/wp-content\/plugins\/wp-rss-retriever\/inc\/imgs\/ajax-loader.gif\" alt=\"Loading RSS Feed\" width=\"16\" height=\"16\"><\/div>\n<p><strong>Profesores de ELE<\/strong><\/p>\n<div class=\"wprss_ajax\" data-id=\"rss40170c1b27\"><img loading=\"lazy\" decoding=\"async\" src=\"https:\/\/hlrnet.net\/sites\/ele\/wp-content\/plugins\/wp-rss-retriever\/inc\/imgs\/ajax-loader.gif\" alt=\"Loading RSS Feed\" width=\"16\" height=\"16\"><\/div>\n<p><strong>Zambombazo<\/strong><\/p>\n<div class=\"wprss_ajax\" data-id=\"rss85aa3c1e12\"><img loading=\"lazy\" decoding=\"async\" src=\"https:\/\/hlrnet.net\/sites\/ele\/wp-content\/plugins\/wp-rss-retriever\/inc\/imgs\/ajax-loader.gif\" alt=\"Loading RSS Feed\" width=\"16\" height=\"16\"><\/div>\n<p><strong>Aula Intercultural<\/strong><\/p>\n<div class=\"wprss_ajax\" data-id=\"rsse1afe1da81\"><img loading=\"lazy\" decoding=\"async\" src=\"https:\/\/hlrnet.net\/sites\/ele\/wp-content\/plugins\/wp-rss-retriever\/inc\/imgs\/ajax-loader.gif\" alt=\"Loading RSS Feed\" width=\"16\" height=\"16\"><\/div>\n<p><strong>Canela<\/strong><\/p>\n<div class=\"wprss_ajax\" data-id=\"rssc7a90c2bc4\"><img loading=\"lazy\" decoding=\"async\" src=\"https:\/\/hlrnet.net\/sites\/ele\/wp-content\/plugins\/wp-rss-retriever\/inc\/imgs\/ajax-loader.gif\" alt=\"Loading RSS Feed\" width=\"16\" height=\"16\"><\/div>\n<p><strong>Alt164<\/strong><\/p>\n<div class=\"wprss_ajax\" data-id=\"rss719ea0071c\"><img loading=\"lazy\" decoding=\"async\" src=\"https:\/\/hlrnet.net\/sites\/ele\/wp-content\/plugins\/wp-rss-retriever\/inc\/imgs\/ajax-loader.gif\" alt=\"Loading RSS Feed\" width=\"16\" height=\"16\"><\/div>\n","protected":false},"excerpt":{"rendered":"<p>CVC Cervantes Difusi\u00f3n Educaci\u00f3n 3.0 FEDELE Fundeu Formaci\u00f3n ELE Fernando Trujillo Innovaci\u00f3n educativa MarcoELE Profesores de ELE Zambombazo Aula Intercultural Canela Alt164<\/p>\n","protected":false},"author":1,"featured_media":0,"parent":0,"menu_order":0,"comment_status":"closed","ping_status":"closed","template":"","meta":{"footnotes":""},"class_list":["post-1834","page","type-page","status-publish","hentry"],"publishpress_future_action":{"enabled":false,"date":"2026-04-30 16:07:46","action":"change-status","newStatus":"draft","terms":[],"taxonomy":"","extraData":[]},"publishpress_future_workflow_manual_trigger":{"enabledWorkflows":[]},"_links":{"self":[{"href":"https:\/\/hlrnet.net\/sites\/ele\/wp-json\/wp\/v2\/pages\/1834","targetHints":{"allow":["GET"]}}],"collection":[{"href":"https:\/\/hlrnet.net\/sites\/ele\/wp-json\/wp\/v2\/pages"}],"about":[{"href":"https:\/\/hlrnet.net\/sites\/ele\/wp-json\/wp\/v2\/types\/page"}],"author":[{"embeddable":true,"href":"https:\/\/hlrnet.net\/sites\/ele\/wp-json\/wp\/v2\/users\/1"}],"replies":[{"embeddable":true,"href":"https:\/\/hlrnet.net\/sites\/ele\/wp-json\/wp\/v2\/comments?post=1834"}],"version-history":[{"count":9,"href":"https:\/\/hlrnet.net\/sites\/ele\/wp-json\/wp\/v2\/pages\/1834\/revisions"}],"predecessor-version":[{"id":2906,"href":"https:\/\/hlrnet.net\/sites\/ele\/wp-json\/wp\/v2\/pages\/1834\/revisions\/2906"}],"wp:attachment":[{"href":"https:\/\/hlrnet.net\/sites\/ele\/wp-json\/wp\/v2\/media?parent=1834"}],"curies":[{"name":"wp","href":"https:\/\/api.w.org\/{rel}","templated":true}]}}