{"id":2122,"date":"2022-07-18T15:08:04","date_gmt":"2022-07-18T15:08:04","guid":{"rendered":"https:\/\/hlrnet.net\/sites\/negocios\/?page_id=2122"},"modified":"2025-07-15T10:18:10","modified_gmt":"2025-07-15T10:18:10","slug":"inicio","status":"publish","type":"page","link":"https:\/\/hlrnet.net\/sites\/negocios\/","title":{"rendered":"Inicio"},"content":{"rendered":"<div class=\"menu-en-tiempo-real-container\">\n<ul id=\"menu-en-tiempo-real\" class=\"menu\">\n<li>Aprendizaje<\/li>\n<li><a href=\"https:\/\/hlrnet.net\/sites\/negocios\/actividades\/\">Actividades a partir de art\u00edculos y de blogposts<\/a><\/li>\n<li><a href=\"https:\/\/hlrnet.net\/sites\/negocios\/apoyo-al-aprendizaje-del-espanol-economico\/\">Apoyo al aprendizaje del espa\u00f1ol econ\u00f3mico<\/a><\/li>\n<li>Actualidad<\/li>\n<li><a href=\"https:\/\/hlrnet.net\/sites\/negocios\/prensa-especializada\/\">Prensa especializada<\/a><\/li>\n<li id=\"menu-item-1450\" class=\"menu-item menu-item-type-post_type menu-item-object-page menu-item-1450\"><a href=\"https:\/\/hlrnet.net\/sites\/negocios\/temas\/\">Temas<\/a><\/li>\n<\/ul>\n<\/div>\n","protected":false},"excerpt":{"rendered":"<p>Aprendizaje Actividades a partir de art\u00edculos y de blogposts Apoyo al aprendizaje del espa\u00f1ol econ\u00f3mico Actualidad Prensa especializada Temas<\/p>\n","protected":false},"author":1,"featured_media":0,"parent":0,"menu_order":0,"comment_status":"closed","ping_status":"closed","template":"","meta":{"footnotes":""},"class_list":["post-2122","page","type-page","status-publish","hentry"],"publishpress_future_action":{"enabled":false,"date":"2026-04-30 16:00:26","action":"change-status","newStatus":"draft","terms":[],"taxonomy":"","extraData":[]},"publishpress_future_workflow_manual_trigger":{"enabledWorkflows":[]},"_links":{"self":[{"href":"https:\/\/hlrnet.net\/sites\/negocios\/wp-json\/wp\/v2\/pages\/2122","targetHints":{"allow":["GET"]}}],"collection":[{"href":"https:\/\/hlrnet.net\/sites\/negocios\/wp-json\/wp\/v2\/pages"}],"about":[{"href":"https:\/\/hlrnet.net\/sites\/negocios\/wp-json\/wp\/v2\/types\/page"}],"author":[{"embeddable":true,"href":"https:\/\/hlrnet.net\/sites\/negocios\/wp-json\/wp\/v2\/users\/1"}],"replies":[{"embeddable":true,"href":"https:\/\/hlrnet.net\/sites\/negocios\/wp-json\/wp\/v2\/comments?post=2122"}],"version-history":[{"count":4,"href":"https:\/\/hlrnet.net\/sites\/negocios\/wp-json\/wp\/v2\/pages\/2122\/revisions"}],"predecessor-version":[{"id":5013,"href":"https:\/\/hlrnet.net\/sites\/negocios\/wp-json\/wp\/v2\/pages\/2122\/revisions\/5013"}],"wp:attachment":[{"href":"https:\/\/hlrnet.net\/sites\/negocios\/wp-json\/wp\/v2\/media?parent=2122"}],"curies":[{"name":"wp","href":"https:\/\/api.w.org\/{rel}","templated":true}]}}