{"id":5003,"date":"2025-07-15T09:49:33","date_gmt":"2025-07-15T09:49:33","guid":{"rendered":"https:\/\/hlrnet.net\/sites\/negocios\/?page_id=5003"},"modified":"2025-07-15T10:22:24","modified_gmt":"2025-07-15T10:22:24","slug":"apoyo-al-aprendizaje-del-espanol-economico","status":"publish","type":"page","link":"https:\/\/hlrnet.net\/sites\/negocios\/apoyo-al-aprendizaje-del-espanol-economico\/","title":{"rendered":"Apoyo al aprendizaje del espa\u00f1ol econ\u00f3mico"},"content":{"rendered":"<p><a href=\"https:\/\/hlrnet.com\/sites\/alt164\/el-espanol-de-los-negocios\/\">El espa\u00f1ol de los negocios: enlaces<\/a><\/p>\n<p><a href=\"https:\/\/tinyurl.com\/sin-manual\">Nivel b\u00e1sico: empezando con el espa\u00f1ol<\/a><\/p>\n<p><a href=\"https:\/\/hlrnet.com\/sites\/sp\/\">El espa\u00f1ol para pr\u00e1cticas<\/a><\/p>\n<p><a href=\"https:\/\/hlrnet.com\/sites\/taller\/\">Taller de autonom\u00eda<\/a><\/p>\n<ul>\n<li class=\"cat-item cat-item-56\"><a href=\"https:\/\/hlrnet.com\/sites\/taller\/?cat=57\">3 negocios<\/a><\/li>\n<li class=\"cat-item cat-item-78\"><a href=\"https:\/\/hlrnet.com\/sites\/taller\/?cat=78\">4 compras<\/a><\/li>\n<li class=\"cat-item cat-item-86\"><a href=\"https:\/\/hlrnet.com\/sites\/taller\/?cat=86\">4 negocios<\/a><\/li>\n<\/ul>\n<p><a href=\"https:\/\/hlrnet.net\/sites\/negocios\/quizlets-sobre-los-negocios\/\">Quizlets sobre los negocios<\/a><\/p>\n<p>Inteligencia artificial<\/p>\n<ul>\n<li><a href=\"https:\/\/hlrnet.com\/sites\/ai\/?p=6720\">Tutores de lengua<\/a><\/li>\n<li><a href=\"https:\/\/hlrnet.com\/sites\/ai\/?tag=language-learning\">Aprender lenguas con IA<\/a><\/li>\n<li><a href=\"https:\/\/hlrnet.com\/sites\/ai\/?tag=ELE\">Aprender el espa\u00f1ol con IA<\/a><\/li>\n<\/ul>\n<p>&nbsp;<\/p>\n<div id=\"simple-translate\" class=\"simple-translate-system-theme\">\n<div>\n<div class=\"simple-translate-button isShow\" style=\"background-image: url('moz-extension:\/\/37e44441-594c-4b50-b456-e2df16779982\/icons\/512.png'); height: 22px; width: 22px; top: 42px; left: 6px;\"><\/div>\n<div class=\"simple-translate-panel \" style=\"width: 300px; height: 200px; top: 0px; left: 0px; font-size: 13px;\">\n<div class=\"simple-translate-result-wrapper\" style=\"overflow: hidden;\">\n<div class=\"simple-translate-move\" draggable=\"true\"><\/div>\n<div class=\"simple-translate-result-contents\">\n<p class=\"simple-translate-result\" dir=\"auto\">\n<p class=\"simple-translate-candidate\" dir=\"auto\">\n<\/div>\n<\/div>\n<\/div>\n<\/div>\n<\/div>\n","protected":false},"excerpt":{"rendered":"<p>El espa\u00f1ol de los negocios: enlaces Nivel b\u00e1sico: empezando con el espa\u00f1ol El espa\u00f1ol para pr\u00e1cticas Taller de autonom\u00eda 3 negocios 4 compras 4 negocios Quizlets sobre los negocios Inteligencia artificial Tutores de lengua Aprender lenguas con IA Aprender el espa\u00f1ol con IA &nbsp;<\/p>\n","protected":false},"author":1,"featured_media":0,"parent":0,"menu_order":0,"comment_status":"closed","ping_status":"closed","template":"","meta":{"footnotes":""},"class_list":["post-5003","page","type-page","status-publish","hentry"],"publishpress_future_action":{"enabled":false,"date":"2026-04-30 17:50:00","action":"change-status","newStatus":"draft","terms":[],"taxonomy":"","extraData":[]},"publishpress_future_workflow_manual_trigger":{"enabledWorkflows":[]},"_links":{"self":[{"href":"https:\/\/hlrnet.net\/sites\/negocios\/wp-json\/wp\/v2\/pages\/5003","targetHints":{"allow":["GET"]}}],"collection":[{"href":"https:\/\/hlrnet.net\/sites\/negocios\/wp-json\/wp\/v2\/pages"}],"about":[{"href":"https:\/\/hlrnet.net\/sites\/negocios\/wp-json\/wp\/v2\/types\/page"}],"author":[{"embeddable":true,"href":"https:\/\/hlrnet.net\/sites\/negocios\/wp-json\/wp\/v2\/users\/1"}],"replies":[{"embeddable":true,"href":"https:\/\/hlrnet.net\/sites\/negocios\/wp-json\/wp\/v2\/comments?post=5003"}],"version-history":[{"count":6,"href":"https:\/\/hlrnet.net\/sites\/negocios\/wp-json\/wp\/v2\/pages\/5003\/revisions"}],"predecessor-version":[{"id":5015,"href":"https:\/\/hlrnet.net\/sites\/negocios\/wp-json\/wp\/v2\/pages\/5003\/revisions\/5015"}],"wp:attachment":[{"href":"https:\/\/hlrnet.net\/sites\/negocios\/wp-json\/wp\/v2\/media?parent=5003"}],"curies":[{"name":"wp","href":"https:\/\/api.w.org\/{rel}","templated":true}]}}