{"id":10,"date":"2020-12-24T09:46:25","date_gmt":"2020-12-24T09:46:25","guid":{"rendered":"https:\/\/hlrnet.net\/sites\/?page_id=10"},"modified":"2026-04-21T08:52:39","modified_gmt":"2026-04-21T08:52:39","slug":"subwebs","status":"publish","type":"page","link":"https:\/\/hlrnet.net\/sites\/","title":{"rendered":"Subwebs"},"content":{"rendered":"<p>Has llegado a las subwebs din\u00e1micas de HLRNet.<\/p>\n<ul>\n<li><a href=\"https:\/\/hlrnet.com\/sites\/actu-es\/\">Actualidades del mundo hisp\u00e1nico<\/a>\n<ul>\n<li><a href=\"https:\/\/hlrnet.net\/sites\/noticies-a-valencia\/\">Noticias en valenciano<\/a><\/li>\n<\/ul>\n<\/li>\n<li><a href=\"https:\/\/hlrnet.com\/sites\/actu-fr\/\">Actualit\u00e9s du monde francophone<\/a><\/li>\n<li>Actualidades del mundo de la salud<br \/>\n<a href=\"https:\/\/hlrnet.net\/sites\/actu-es\/\" class=\"autohyperlink\">hlrnet.net\/sites\/actu-es\/<\/a><\/li>\n<li>Actualidades del mundo del deporte<br \/>\n<a href=\"https:\/\/hlrnet.net\/sites\/actu-depor\/\" class=\"autohyperlink\">hlrnet.net\/sites\/actu-depor\/<\/a><\/li>\n<li>Actualidades del mundo econ\u00f3mico<br \/>\n<a href=\"https:\/\/hlrnet.net\/sites\/negocios\/\" class=\"autohyperlink\">hlrnet.net\/sites\/negocios\/<\/a><\/li>\n<li>EN: Generakl news in English<br \/>\n<a href=\"https:\/\/hlrnet.net\/sites\/general-news-in-english\/\" class=\"autohyperlink\">hlrnet.net\/sites\/general-news-in-english\/<\/a><\/li>\n<li>ELE: Fuentes externas sobre la ense\u00f1anza del espa\u00f1ol lengua extranjera<br \/>\n<a href=\"https:\/\/hlrnet.net\/sites\/ele\/\" class=\"autohyperlink\">hlrnet.net\/sites\/ele\/<\/a><\/li>\n<li>IT: Italiano<br \/>\n<a href=\"https:\/\/hlrnet.net\/sites\/italiano\" class=\"autohyperlink\">hlrnet.net\/sites\/italiano<\/a><\/li>\n<li>PT: Not\u00edcias em portugu\u00eas<br \/>\n<a href=\"https:\/\/hlrnet.net\/sites\/noticias-em-portugues\/\" class=\"autohyperlink\">hlrnet.net\/sites\/noticias-em-portugues\/<\/a><\/li>\n<\/ul>\n<p>Pero supongo que buscas una de las siguientes:<\/p>\n<ul>\n<li><a href=\"https:\/\/hlrnet.com\/sites\/ai\/\">Inteligencia artificial<\/a><\/li>\n<li><a href=\"https:\/\/hlrnet.com\/sites\/alt164\">Alt164: el espa\u00f1ol lengua extranjera<\/a><\/li>\n<li><a href=\"https:\/\/hlrnet.com\/sites\/gzorg\/\">Gezondheids.org<\/a><\/li>\n<li><a href=\"https:\/\/www.hlrnet.com\/technoblog\/\">Technoblog<\/a><\/li>\n<li><a href=\"https:\/\/hlrnet.com\/sites\/agenda\">Culturele agenda\u2019s<\/a><\/li>\n<li><a href=\"https:\/\/hlrnet.com\/sites\/alt128\">Alt128: fran\u00e7ais langue \u00e9trang\u00e8re<\/a><\/li>\n<\/ul>\n<p>&nbsp;<\/p>\n","protected":false},"excerpt":{"rendered":"<p>Has llegado a las subwebs din\u00e1micas de HLRNet. Actualidades del mundo hisp\u00e1nico Noticias en valenciano Actualit\u00e9s du monde francophone Actualidades del mundo de la salud <a href=\"http:\/\/hlrnet.net\/sites\/actu-es\/\" class=\"autohyperlink\">hlrnet.net\/sites\/actu-es\/<\/a> Actualidades del mundo del deporte <a href=\"http:\/\/hlrnet.net\/sites\/actu-depor\/\" class=\"autohyperlink\">hlrnet.net\/sites\/actu-depor\/<\/a> Actualidades del mundo econ\u00f3mico <a href=\"http:\/\/hlrnet.net\/sites\/negocios\/\" class=\"autohyperlink\">hlrnet.net\/sites\/negocios\/<\/a> EN: Generakl news in English <a href=\"http:\/\/hlrnet.net\/sites\/general-news-in-english\/\" class=\"autohyperlink\">hlrnet.net\/sites\/general-news-in-english\/<\/a> ELE: Fuentes externas sobre la ense\u00f1anza del<\/p>\n","protected":false},"author":1,"featured_media":0,"parent":0,"menu_order":0,"comment_status":"closed","ping_status":"closed","template":"template-fullwidth.php","meta":{"footnotes":""},"class_list":["post-10","page","type-page","status-publish","hentry"],"publishpress_future_action":{"enabled":false,"date":"2026-04-30 17:37:03","action":"change-status","newStatus":"draft","terms":[],"taxonomy":"","extraData":[]},"publishpress_future_workflow_manual_trigger":{"enabledWorkflows":[]},"_links":{"self":[{"href":"https:\/\/hlrnet.net\/sites\/wp-json\/wp\/v2\/pages\/10","targetHints":{"allow":["GET"]}}],"collection":[{"href":"https:\/\/hlrnet.net\/sites\/wp-json\/wp\/v2\/pages"}],"about":[{"href":"https:\/\/hlrnet.net\/sites\/wp-json\/wp\/v2\/types\/page"}],"author":[{"embeddable":true,"href":"https:\/\/hlrnet.net\/sites\/wp-json\/wp\/v2\/users\/1"}],"replies":[{"embeddable":true,"href":"https:\/\/hlrnet.net\/sites\/wp-json\/wp\/v2\/comments?post=10"}],"version-history":[{"count":10,"href":"https:\/\/hlrnet.net\/sites\/wp-json\/wp\/v2\/pages\/10\/revisions"}],"predecessor-version":[{"id":73,"href":"https:\/\/hlrnet.net\/sites\/wp-json\/wp\/v2\/pages\/10\/revisions\/73"}],"wp:attachment":[{"href":"https:\/\/hlrnet.net\/sites\/wp-json\/wp\/v2\/media?parent=10"}],"curies":[{"name":"wp","href":"https:\/\/api.w.org\/{rel}","templated":true}]}}